{"id":207,"date":"2020-04-04T10:15:47","date_gmt":"2020-04-04T10:15:47","guid":{"rendered":"https:\/\/www.prozorivrata.com\/hr\/?page_id=207"},"modified":"2020-07-04T07:21:46","modified_gmt":"2020-07-04T07:21:46","slug":"marketing","status":"publish","type":"page","link":"https:\/\/www.prozorivrata.com\/hr\/marketing\/","title":{"rendered":"Marketing u \u010dasopisu i na web site-u"},"content":{"rendered":"<h2><img decoding=\"async\" class=\"alignleft wp-image-1068\" src=\"https:\/\/www.prozorivrata.com\/hr\/wp-content\/uploads\/sites\/4\/2020\/04\/casopis-prozori-i-vrata-o-nama-1.jpg\" alt=\"\u010casopis PROZORI&amp;VRATA\" width=\"137\" height=\"150\" srcset=\"https:\/\/www.prozorivrata.com\/hr\/wp-content\/uploads\/sites\/4\/2020\/04\/casopis-prozori-i-vrata-o-nama-1.jpg 305w, https:\/\/www.prozorivrata.com\/hr\/wp-content\/uploads\/sites\/4\/2020\/04\/casopis-prozori-i-vrata-o-nama-1-273x300.jpg 273w\" sizes=\"(max-width: 137px) 100vw, 137px\" \/>Na\u0161e vrijednosti<\/h2>\n<p>\u010casopis izlazi 4 puta godi\u0161nje (o\u017eujak, lipanj, rujan i prosinac). Preko Hrvatske Po\u0161te distribuiramo kompletnu tira\u017eu potpuno besplatno i direktno u ruke pa\u017eljivo odabrane ciljane skupine, bez povrata tiskane naklade.<\/p>\n<p>&nbsp;<\/p>\n<h2><img decoding=\"async\" class=\"wp-image-1067 alignleft\" src=\"https:\/\/www.prozorivrata.com\/hr\/wp-content\/uploads\/sites\/4\/2020\/04\/casopis-prozori-i-vrata-o-nama-2.jpg\" alt=\"\u010casopis PROZORI&amp;VRATA\" width=\"137\" height=\"150\" srcset=\"https:\/\/www.prozorivrata.com\/hr\/wp-content\/uploads\/sites\/4\/2020\/04\/casopis-prozori-i-vrata-o-nama-2.jpg 305w, https:\/\/www.prozorivrata.com\/hr\/wp-content\/uploads\/sites\/4\/2020\/04\/casopis-prozori-i-vrata-o-nama-2-273x300.jpg 273w\" sizes=\"(max-width: 137px) 100vw, 137px\" \/>Ono \u0161to nas izdvaja<\/h2>\n<p>\u010casopis se isti\u010de i po dimenzijama (23x31cm) te po kvaliteti tiska, grama\u017ei papira (300g\/m\u00b2 korice i 115g\/m\u00b2 unutarnji listovi), broj stranica varira od 108 do 120, a kvaliteta grafi\u010dkog dizajna i pripreme stavlja ovo izdanje na vode\u0107u poziciju kada su u pitanju sli\u010dni \u010dasopisi, dok nas tematika i stru\u010dnost \u010dini jedinstvenim u Hrvatskoj i regiji.<\/p>\n<p>&nbsp;<\/p>\n<h2><img decoding=\"async\" class=\"alignleft wp-image-1066\" src=\"https:\/\/www.prozorivrata.com\/hr\/wp-content\/uploads\/sites\/4\/2020\/04\/casopis-prozori-i-vrata-o-nama-3.jpg\" alt=\"\u010casopis PROZORI&amp;VRATA\" width=\"137\" height=\"150\" srcset=\"https:\/\/www.prozorivrata.com\/hr\/wp-content\/uploads\/sites\/4\/2020\/04\/casopis-prozori-i-vrata-o-nama-3.jpg 305w, https:\/\/www.prozorivrata.com\/hr\/wp-content\/uploads\/sites\/4\/2020\/04\/casopis-prozori-i-vrata-o-nama-3-273x300.jpg 273w\" sizes=\"(max-width: 137px) 100vw, 137px\" \/>Suradnja<\/h2>\n<p>Ukoliko se bavite prozorima, vratima, ALU i PVC sistemima, drvenom stolarijom, fasadama ili bravarijom na bilo koji na\u010din, prisustvo u istoimenom \u010dasopisu je idealan izbor kao medijska platforma, jer smo na jednom mjestu okupili vode\u0107e tvrtke iz ove bran\u0161e, a ciljana skupina kojoj \u0161aljemo \u010dasopis je pa\u017eljivo odabrana kako bi zadovoljili Va\u0161e potrebe za kvalitetnom promocijom.<\/p>\n<p>&nbsp;<\/p>\n<h2>World Wide Web<\/h2>\n<p>U ovom trenutku na na\u0161 portal www.prozorivrata.com ulazi mjese\u010dno preko 90.000 potencijalnih kupaca Va\u0161ih proizvoda i korisnika Va\u0161ih usluga, od \u010dega skoro 90% posjetitelja dolazi preko pretra\u017eiva\u010da, zbog toga \u0161to smo visoko pozicionirani na google-u. Ono \u0161to je specifi\u010dno za na\u0161 \u010dasopis je da smo jedan od rijetkih koji se mo\u017ee prelistavati i preko mobitela na na\u0161oj internet stranici.<br \/>\n<script type='text\/javascript'>\ngoogletag.cmd.push(function() { googletag.pubads().refresh();});\n<\/script><\/p>\n","protected":false},"excerpt":{"rendered":"<p>Na\u0161e vrijednosti \u010casopis izlazi 4 puta godi\u0161nje (o\u017eujak, lipanj, rujan i prosinac). Preko Hrvatske Po\u0161te distribuiramo kompletnu tira\u017eu potpuno besplatno i direktno u ruke pa\u017eljivo odabrane ciljane skupine, bez povrata tiskane naklade. &nbsp; Ono \u0161to nas izdvaja \u010casopis se isti\u010de i po dimenzijama (23x31cm) te po kvaliteti tiska, grama\u017ei papira (300g\/m\u00b2 korice i 115g\/m\u00b2 unutarnji [&hellip;]<\/p>\n","protected":false},"author":1,"featured_media":1052,"parent":0,"menu_order":0,"comment_status":"closed","ping_status":"closed","template":"","meta":{"_FSMCFIC_featured_image_caption":"","_FSMCFIC_featured_image_nocaption":"","_FSMCFIC_featured_image_hide":"","footnotes":""},"class_list":["post-207","page","type-page","status-publish","has-post-thumbnail","hentry"],"_links":{"self":[{"href":"https:\/\/www.prozorivrata.com\/hr\/wp-json\/wp\/v2\/pages\/207","targetHints":{"allow":["GET"]}}],"collection":[{"href":"https:\/\/www.prozorivrata.com\/hr\/wp-json\/wp\/v2\/pages"}],"about":[{"href":"https:\/\/www.prozorivrata.com\/hr\/wp-json\/wp\/v2\/types\/page"}],"author":[{"embeddable":true,"href":"https:\/\/www.prozorivrata.com\/hr\/wp-json\/wp\/v2\/users\/1"}],"replies":[{"embeddable":true,"href":"https:\/\/www.prozorivrata.com\/hr\/wp-json\/wp\/v2\/comments?post=207"}],"version-history":[{"count":3,"href":"https:\/\/www.prozorivrata.com\/hr\/wp-json\/wp\/v2\/pages\/207\/revisions"}],"predecessor-version":[{"id":1897,"href":"https:\/\/www.prozorivrata.com\/hr\/wp-json\/wp\/v2\/pages\/207\/revisions\/1897"}],"wp:featuredmedia":[{"embeddable":true,"href":"https:\/\/www.prozorivrata.com\/hr\/wp-json\/wp\/v2\/media\/1052"}],"wp:attachment":[{"href":"https:\/\/www.prozorivrata.com\/hr\/wp-json\/wp\/v2\/media?parent=207"}],"curies":[{"name":"wp","href":"https:\/\/api.w.org\/{rel}","templated":true}]}}