{"id":203,"date":"2020-04-04T10:15:09","date_gmt":"2020-04-04T10:15:09","guid":{"rendered":"https:\/\/www.prozorivrata.com\/hr\/?page_id=203"},"modified":"2023-10-02T07:50:27","modified_gmt":"2023-10-02T06:50:27","slug":"o-nama","status":"publish","type":"page","link":"https:\/\/www.prozorivrata.com\/hr\/o-nama\/","title":{"rendered":"O nama"},"content":{"rendered":"<section class=\"wpb-content-wrapper\"><p>[vc_row][vc_column][vc_column_text]<\/p>\n<h2>\u010cime se bavimo<\/h2>\n<p>\u201cPROZORI&amp;VRATA\u201d je specijalizirani gra\u0111evinski \u010dasopis koji se stru\u010dno bavi PVC, drvenom i ALU stolarijom, fasadama, okovima, staklom profilima, brtvilima te popratnom industrijom vezanom na gra\u0111evinsku stolariju. Nastao je 2015. godine kao odgovor na potrebe jednog dinami\u010dnog dijela gra\u0111evinskog sektora, bran\u0161a prozora i vrata. Prema na\u0161im istra\u017eivanjima, svaki broj \u010dasopisa \u201cPROZORI&amp;VRATA\u201d koji se distribuira na preko 4.500 adresa u HRVATSKOJ, dospijeva u ruke preko 25.000 \u010ditatelja.<\/p>\n<p><a href=\"https:\/\/www.prozorivrata.com\/hr\/wp-content\/uploads\/sites\/4\/2020\/04\/CIljana-skupina-casopis-PROZORIVRATA.jpg\"><img decoding=\"async\" class=\"wp-image-1057 alignleft\" src=\"https:\/\/www.prozorivrata.com\/hr\/wp-content\/uploads\/sites\/4\/2020\/04\/CIljana-skupina-casopis-PROZORIVRATA.jpg\" alt=\"CIljana skupina\" width=\"497\" height=\"390\" srcset=\"https:\/\/www.prozorivrata.com\/hr\/wp-content\/uploads\/sites\/4\/2020\/04\/CIljana-skupina-casopis-PROZORIVRATA.jpg 628w, https:\/\/www.prozorivrata.com\/hr\/wp-content\/uploads\/sites\/4\/2020\/04\/CIljana-skupina-casopis-PROZORIVRATA-300x236.jpg 300w\" sizes=\"(max-width: 497px) 100vw, 497px\" \/><\/a><a href=\"https:\/\/www.prozorivrata.com\/hr\/wp-content\/uploads\/sites\/4\/2020\/04\/Struktura-citatelja-casopis-PROZORIVRATA.jpg\"><img decoding=\"async\" class=\"wp-image-1056 alignright\" src=\"https:\/\/www.prozorivrata.com\/hr\/wp-content\/uploads\/sites\/4\/2020\/04\/Struktura-citatelja-casopis-PROZORIVRATA.jpg\" alt=\"Struktura \u010ditatelja\" width=\"602\" height=\"390\" srcset=\"https:\/\/www.prozorivrata.com\/hr\/wp-content\/uploads\/sites\/4\/2020\/04\/Struktura-citatelja-casopis-PROZORIVRATA.jpg 799w, https:\/\/www.prozorivrata.com\/hr\/wp-content\/uploads\/sites\/4\/2020\/04\/Struktura-citatelja-casopis-PROZORIVRATA-300x194.jpg 300w, https:\/\/www.prozorivrata.com\/hr\/wp-content\/uploads\/sites\/4\/2020\/04\/Struktura-citatelja-casopis-PROZORIVRATA-768x498.jpg 768w, https:\/\/www.prozorivrata.com\/hr\/wp-content\/uploads\/sites\/4\/2020\/04\/Struktura-citatelja-casopis-PROZORIVRATA-750x486.jpg 750w\" sizes=\"(max-width: 602px) 100vw, 602px\" \/><\/a><\/p>\n<h3><\/h3>\n<h3>Ciljana skupina<\/h3>\n<p>Ciljana skupina koja prima \u010dasopis: proizvo\u0111a\u010di stolarije, fasada, stakla, materijala za ugradnju, zatim arhitekti, projektanti, investitori, gra\u0111evinske tvrtke, hotelski resorti itd.<\/p>\n<p>Za nas pi\u0161u autori iz struke, arhitekti i in\u017einjeri usko vezani na bran\u0161u prozora i vrata te energetske obnove i u\u010dinkovitosti. To na\u0161em \u010dasopisu i web stranici daje kredibilitet, a pored toga smo slu\u017ebeni Medijski partner Instituta za prozorsku tehniku ift Rosenheim iz Njema\u010dke i redovito objavljujemo njihove stru\u010dne analize i istra\u017eivanja na na\u0161oj web stranici i u \u010dasopisu. \u010casopis je i Medijski partner ve\u0107ine Europskih sajmova iz struke: Fenstrbau Frontale u Nurnbergu, BAUmesse u Munchenu, TUYAP u Istanbulu, Budma u Poznanu, Seebbe u Beogradu&#8230;<\/p>\n<p><img decoding=\"async\" class=\"wp-image-1060 alignnone\" src=\"https:\/\/www.prozorivrata.com\/hr\/wp-content\/uploads\/sites\/4\/2020\/04\/Media-construction-logo.jpg\" alt=\"Media Construction j.d.o.o. logo\" width=\"212\" height=\"70\" srcset=\"https:\/\/www.prozorivrata.com\/hr\/wp-content\/uploads\/sites\/4\/2020\/04\/Media-construction-logo.jpg 500w, https:\/\/www.prozorivrata.com\/hr\/wp-content\/uploads\/sites\/4\/2020\/04\/Media-construction-logo-300x99.jpg 300w\" sizes=\"(max-width: 212px) 100vw, 212px\" \/><\/p>\n<p>Izdava\u010d: Media Construction j.d.o.o.<br \/>\n\u010casopis \u201cPROZORI&amp;VRATA\u201d<br \/>\nHru\u0161eve\u010dka 1, 10000 Zagreb<br \/>\ntel.: +385 1 6147 378<br \/>\nweb: <a href=\"https:\/\/www.prozorivrata.com\" target=\"_blank\" rel=\"noopener noreferrer\">www.prozorivrata.com<\/a>[\/vc_column_text][\/vc_column][\/vc_row][vc_row][vc_column][vc_raw_html]JTNDc2NyaXB0JTIwdHlwZSUzRCUyN3RleHQlMkZqYXZhc2NyaXB0JTI3JTNFJTBBZ29vZ2xldGFnLmNtZC5wdXNoJTI4ZnVuY3Rpb24lMjglMjklMjAlN0IlMjBnb29nbGV0YWcucHViYWRzJTI4JTI5LnJlZnJlc2glMjglMjklM0IlN0QlMjklM0IlMEElM0MlMkZzY3JpcHQlM0U=[\/vc_raw_html][\/vc_column][\/vc_row]<\/p>\n<\/section>","protected":false},"excerpt":{"rendered":"<p>[vc_row][vc_column][vc_column_text] \u010cime se bavimo \u201cPROZORI&amp;VRATA\u201d je specijalizirani gra\u0111evinski \u010dasopis koji se stru\u010dno bavi PVC, drvenom i ALU stolarijom, fasadama, okovima, staklom profilima, brtvilima te popratnom industrijom vezanom na gra\u0111evinsku stolariju. Nastao je 2015. godine kao odgovor na potrebe jednog dinami\u010dnog dijela gra\u0111evinskog sektora, bran\u0161a prozora i vrata. Prema na\u0161im istra\u017eivanjima, svaki broj \u010dasopisa \u201cPROZORI&amp;VRATA\u201d koji [&hellip;]<\/p>\n","protected":false},"author":1,"featured_media":0,"parent":0,"menu_order":0,"comment_status":"closed","ping_status":"closed","template":"","meta":{"_FSMCFIC_featured_image_caption":"","_FSMCFIC_featured_image_nocaption":"","_FSMCFIC_featured_image_hide":"","footnotes":""},"class_list":["post-203","page","type-page","status-publish","hentry"],"_links":{"self":[{"href":"https:\/\/www.prozorivrata.com\/hr\/wp-json\/wp\/v2\/pages\/203","targetHints":{"allow":["GET"]}}],"collection":[{"href":"https:\/\/www.prozorivrata.com\/hr\/wp-json\/wp\/v2\/pages"}],"about":[{"href":"https:\/\/www.prozorivrata.com\/hr\/wp-json\/wp\/v2\/types\/page"}],"author":[{"embeddable":true,"href":"https:\/\/www.prozorivrata.com\/hr\/wp-json\/wp\/v2\/users\/1"}],"replies":[{"embeddable":true,"href":"https:\/\/www.prozorivrata.com\/hr\/wp-json\/wp\/v2\/comments?post=203"}],"version-history":[{"count":5,"href":"https:\/\/www.prozorivrata.com\/hr\/wp-json\/wp\/v2\/pages\/203\/revisions"}],"predecessor-version":[{"id":6329,"href":"https:\/\/www.prozorivrata.com\/hr\/wp-json\/wp\/v2\/pages\/203\/revisions\/6329"}],"wp:attachment":[{"href":"https:\/\/www.prozorivrata.com\/hr\/wp-json\/wp\/v2\/media?parent=203"}],"curies":[{"name":"wp","href":"https:\/\/api.w.org\/{rel}","templated":true}]}}